{"id":103,"date":"2021-01-20T15:14:46","date_gmt":"2021-01-20T08:14:46","guid":{"rendered":"https:\/\/shtheme.org\/demosd\/indusza\/?page_id=103"},"modified":"2023-04-05T02:31:00","modified_gmt":"2023-04-04T23:31:00","slug":"products","status":"publish","type":"page","link":"https:\/\/oksimedmedical.com\/en\/products\/","title":{"rendered":"Products"},"content":{"rendered":"\t\t<div data-elementor-type=\"wp-page\" data-elementor-id=\"103\" class=\"elementor elementor-103\">\n\t\t\t\t\t\t\t\t\t<section class=\"elementor-section elementor-top-section elementor-element elementor-element-a23f626 elementor-section-full_width elementor-section-height-default elementor-section-height-default\" data-id=\"a23f626\" data-element_type=\"section\">\n\t\t\t\t\t\t<div class=\"elementor-container elementor-column-gap-no\">\n\t\t\t\t\t<div class=\"elementor-column elementor-col-100 elementor-top-column elementor-element elementor-element-34c3f80\" data-id=\"34c3f80\" data-element_type=\"column\">\n\t\t\t<div class=\"elementor-widget-wrap elementor-element-populated\">\n\t\t\t\t\t\t\t\t<div class=\"elementor-element elementor-element-9c323a7 elementor-align-left elementor-widget elementor-widget-page-header\" data-id=\"9c323a7\" data-element_type=\"widget\" data-widget_type=\"page-header.default\">\n\t\t\t\t<div class=\"elementor-widget-container\">\n\t\t\t\n\t\t\t\t<div class=\"wt-bnr-inr overlay-wraper bg-center\" style=\"background-image:url(http:\/\/oksimedmedical.com\/wp-content\/uploads\/2023\/03\/oksimed-slider-kapak-1.jpg);\">\n\t\t\t\t\t<div class=\"overlay-main site-bg-black opacity-06\"><\/div>\n\t\t\t<div class=\"container\">\n\t\t\t\t<div class=\"wt-bnr-inr-entry\">\n\t\t\t\t\t\t\t\t\t\t<div class=\"banner-title-outer\">\n\t\t\t\t\t\t<div class=\"banner-title-name\">\n\t\t\t\t\t\t\t<h2 class=\"wt-title\">Products<\/h2>\n\t\t\t\t\t\t<\/div>\n\t\t\t\t\t<\/div>\n\t\t\t\t\t\t\t\t\t\t<!-- BREADCRUMB ROW -->  \n\t\t\t\t\t<div>\n\t\t\t\t\t\t<ul class=\"wt-breadcrumb breadcrumb-style-2\">\n\t\t\t\t\t\t\t\t\t\t\t\t\t\t<li><a href=\"https:\/\/oksimedmedical.com\/en\/\">Home<\/a><\/li>\n\t\t\t\t\t\t\t\t\t\t\t\t\t\t\t\t\t\t\t\t\t<li>Products<\/li>\n\t\t\t\t\t\t\t\t\t\t\t\t\t<\/ul>\n\t\t\t\t\t<\/div>\n\t\t\t\t\t<!-- BREADCRUMB ROW END -->\n\t\t\t\t<\/div>\n\t\t\t<\/div>\n\t\t<\/div>\n\n\t\t\t<\/div>\n\t\t\t\t<\/div>\n\t\t\t\t\t<\/div>\n\t\t<\/div>\n\t\t\t\t\t\t\t<\/div>\n\t\t<\/section>\n\t\t\t\t<section class=\"elementor-section elementor-top-section elementor-element elementor-element-70ec792 elementor-section-full_width elementor-section-height-default elementor-section-height-default\" data-id=\"70ec792\" data-element_type=\"section\">\n\t\t\t\t\t\t<div class=\"elementor-container elementor-column-gap-no\">\n\t\t\t\t\t<div class=\"elementor-column elementor-col-100 elementor-top-column elementor-element elementor-element-722f2ec\" data-id=\"722f2ec\" data-element_type=\"column\">\n\t\t\t<div class=\"elementor-widget-wrap elementor-element-populated\">\n\t\t\t\t\t\t\t\t<div class=\"elementor-element elementor-element-d6967ba elementor-align-left elementor-widget elementor-widget-page-project\" data-id=\"d6967ba\" data-element_type=\"widget\" data-widget_type=\"page-project.default\">\n\t\t\t\t<div class=\"elementor-widget-container\">\n\t\t\t\n\t\t<!-- OUR TEAM START -->\n\n\t\t\n\t\t\t<div class=\"section-full p-t120 p-b90 bg-white\">\n\n\t\t\t\t<div class=\"container\">\n\n\n\n\t\t\t\t\t<!-- PAGINATION START -->\n\t\t\t\t\t<!-- PAGINATION END -->\n\n\n\n\t\t\t\t\t<!-- PROJECT CONTENT START -->\n\n\t\t\t\t\t<div class=\"masonry-wrap row clearfix d-flex justify-content-center flex-wrap\">\n\n\t\t\t\t\t\t\n\t\t\t\t\t\t\t<div class=\"masonry-item medical  col-xl-4 col-lg-4 col-md-6 m-b30\">\n\n\t\t\t\t\t\t\t\t<div class=\"project-outer2\">\n\n\t\t\t\t\t\t\t\t\t<div class=\"project-style-2\">\n\n\t\t\t\t\t\t\t\t\t\t<div class=\"project-media\">\n\n\t\t\t\t\t\t\t\t\t\t\t<img decoding=\"async\" src=\"https:\/\/oksimedmedical.com\/en\/wp-content\/uploads\/2023\/03\/oksijen-maskesi-2.png\" alt=\"\">\n\n\t\t\t\t\t\t\t\t\t\t<\/div>                            \n\n\t\t\t\t\t\t\t\t\t<\/div>\n\n\n\n\t\t\t\t\t\t\t\t\t<div class=\"project-content\">\n\n\t\t\t\t\t\t\t\t\t\t<span class=\"project-category\">Medical<\/span>    \n\n\t\t\t\t\t\t\t\t\t\t<h4 class=\"wt-title\"><a href=\"https:\/\/oksimedmedical.com\/en\/product\/oxygen-mask\/\">Oxygen Mask<\/a><\/h4>\n\n\t\t\t\t\t\t\t\t\t<\/div>\n\n\t\t\t\t\t\t\t\t<\/div>                          \n\n\t\t\t\t\t\t\t<\/div>\n\n\t\t\t\t\t\t\n\t\t\t\t\t\t\t<div class=\"masonry-item medical  col-xl-4 col-lg-4 col-md-6 m-b30\">\n\n\t\t\t\t\t\t\t\t<div class=\"project-outer2\">\n\n\t\t\t\t\t\t\t\t\t<div class=\"project-style-2\">\n\n\t\t\t\t\t\t\t\t\t\t<div class=\"project-media\">\n\n\t\t\t\t\t\t\t\t\t\t\t<img decoding=\"async\" src=\"https:\/\/oksimedmedical.com\/en\/wp-content\/uploads\/2023\/03\/Nebulizer-Set-2.png\" alt=\"\">\n\n\t\t\t\t\t\t\t\t\t\t<\/div>                            \n\n\t\t\t\t\t\t\t\t\t<\/div>\n\n\n\n\t\t\t\t\t\t\t\t\t<div class=\"project-content\">\n\n\t\t\t\t\t\t\t\t\t\t<span class=\"project-category\">Medical<\/span>    \n\n\t\t\t\t\t\t\t\t\t\t<h4 class=\"wt-title\"><a href=\"https:\/\/oksimedmedical.com\/en\/product\/nebulizer-set\/\">Nebulizer Set<\/a><\/h4>\n\n\t\t\t\t\t\t\t\t\t<\/div>\n\n\t\t\t\t\t\t\t\t<\/div>                          \n\n\t\t\t\t\t\t\t<\/div>\n\n\t\t\t\t\t\t\n\t\t\t\t\t\t\t<div class=\"masonry-item medical  col-xl-4 col-lg-4 col-md-6 m-b30\">\n\n\t\t\t\t\t\t\t\t<div class=\"project-outer2\">\n\n\t\t\t\t\t\t\t\t\t<div class=\"project-style-2\">\n\n\t\t\t\t\t\t\t\t\t\t<div class=\"project-media\">\n\n\t\t\t\t\t\t\t\t\t\t\t<img decoding=\"async\" src=\"https:\/\/oksimedmedical.com\/en\/wp-content\/uploads\/2023\/03\/Nebulizer-Set-Agizlikli-1.png\" alt=\"\">\n\n\t\t\t\t\t\t\t\t\t\t<\/div>                            \n\n\t\t\t\t\t\t\t\t\t<\/div>\n\n\n\n\t\t\t\t\t\t\t\t\t<div class=\"project-content\">\n\n\t\t\t\t\t\t\t\t\t\t<span class=\"project-category\">Medical<\/span>    \n\n\t\t\t\t\t\t\t\t\t\t<h4 class=\"wt-title\"><a href=\"https:\/\/oksimedmedical.com\/en\/product\/nebulizer-set-with-mouthpiece\/\">Nebulizer Set with Mouthpiece<\/a><\/h4>\n\n\t\t\t\t\t\t\t\t\t<\/div>\n\n\t\t\t\t\t\t\t\t<\/div>                          \n\n\t\t\t\t\t\t\t<\/div>\n\n\t\t\t\t\t\t\n\t\t\t\t\t\t\t<div class=\"masonry-item medical  col-xl-4 col-lg-4 col-md-6 m-b30\">\n\n\t\t\t\t\t\t\t\t<div class=\"project-outer2\">\n\n\t\t\t\t\t\t\t\t\t<div class=\"project-style-2\">\n\n\t\t\t\t\t\t\t\t\t\t<div class=\"project-media\">\n\n\t\t\t\t\t\t\t\t\t\t\t<img decoding=\"async\" src=\"https:\/\/oksimedmedical.com\/en\/wp-content\/uploads\/2023\/03\/nazal-oksijen-kanulu-2.png\" alt=\"\">\n\n\t\t\t\t\t\t\t\t\t\t<\/div>                            \n\n\t\t\t\t\t\t\t\t\t<\/div>\n\n\n\n\t\t\t\t\t\t\t\t\t<div class=\"project-content\">\n\n\t\t\t\t\t\t\t\t\t\t<span class=\"project-category\">Medical<\/span>    \n\n\t\t\t\t\t\t\t\t\t\t<h4 class=\"wt-title\"><a href=\"https:\/\/oksimedmedical.com\/en\/product\/nasal-oxygen-cannula\/\">Nasal Oxygen Cannula<\/a><\/h4>\n\n\t\t\t\t\t\t\t\t\t<\/div>\n\n\t\t\t\t\t\t\t\t<\/div>                          \n\n\t\t\t\t\t\t\t<\/div>\n\n\t\t\t\t\t\t\n\t\t\t\t\t\t\t<div class=\"masonry-item medical  col-xl-4 col-lg-4 col-md-6 m-b30\">\n\n\t\t\t\t\t\t\t\t<div class=\"project-outer2\">\n\n\t\t\t\t\t\t\t\t\t<div class=\"project-style-2\">\n\n\t\t\t\t\t\t\t\t\t\t<div class=\"project-media\">\n\n\t\t\t\t\t\t\t\t\t\t\t<img decoding=\"async\" src=\"https:\/\/oksimedmedical.com\/en\/wp-content\/uploads\/2023\/03\/idrar-torbasi-musluklu-2.png\" alt=\"\">\n\n\t\t\t\t\t\t\t\t\t\t<\/div>                            \n\n\t\t\t\t\t\t\t\t\t<\/div>\n\n\n\n\t\t\t\t\t\t\t\t\t<div class=\"project-content\">\n\n\t\t\t\t\t\t\t\t\t\t<span class=\"project-category\">Medical<\/span>    \n\n\t\t\t\t\t\t\t\t\t\t<h4 class=\"wt-title\"><a href=\"https:\/\/oksimedmedical.com\/en\/product\/urine-bag-with-valve\/\">Urine Bag with Valve<\/a><\/h4>\n\n\t\t\t\t\t\t\t\t\t<\/div>\n\n\t\t\t\t\t\t\t\t<\/div>                          \n\n\t\t\t\t\t\t\t<\/div>\n\n\t\t\t\t\t\t\n\t\t\t\t\t\t\t<div class=\"masonry-item medical  col-xl-4 col-lg-4 col-md-6 m-b30\">\n\n\t\t\t\t\t\t\t\t<div class=\"project-outer2\">\n\n\t\t\t\t\t\t\t\t\t<div class=\"project-style-2\">\n\n\t\t\t\t\t\t\t\t\t\t<div class=\"project-media\">\n\n\t\t\t\t\t\t\t\t\t\t\t<img decoding=\"async\" src=\"https:\/\/oksimedmedical.com\/en\/wp-content\/uploads\/2023\/03\/idrar-torbasi-musluksuz-2.png\" alt=\"\">\n\n\t\t\t\t\t\t\t\t\t\t<\/div>                            \n\n\t\t\t\t\t\t\t\t\t<\/div>\n\n\n\n\t\t\t\t\t\t\t\t\t<div class=\"project-content\">\n\n\t\t\t\t\t\t\t\t\t\t<span class=\"project-category\">Medical<\/span>    \n\n\t\t\t\t\t\t\t\t\t\t<h4 class=\"wt-title\"><a href=\"https:\/\/oksimedmedical.com\/en\/product\/urine-bag-without-valve\/\">Urine Bag without Valve<\/a><\/h4>\n\n\t\t\t\t\t\t\t\t\t<\/div>\n\n\t\t\t\t\t\t\t\t<\/div>                          \n\n\t\t\t\t\t\t\t<\/div>\n\n\t\t\t\t\t\t\n\t\t\t\t\t\t\t<div class=\"masonry-item medical  col-xl-4 col-lg-4 col-md-6 m-b30\">\n\n\t\t\t\t\t\t\t\t<div class=\"project-outer2\">\n\n\t\t\t\t\t\t\t\t\t<div class=\"project-style-2\">\n\n\t\t\t\t\t\t\t\t\t\t<div class=\"project-media\">\n\n\t\t\t\t\t\t\t\t\t\t\t<img decoding=\"async\" src=\"https:\/\/oksimedmedical.com\/en\/wp-content\/uploads\/2023\/03\/boyunluk-2.png\" alt=\"\">\n\n\t\t\t\t\t\t\t\t\t\t<\/div>                            \n\n\t\t\t\t\t\t\t\t\t<\/div>\n\n\n\n\t\t\t\t\t\t\t\t\t<div class=\"project-content\">\n\n\t\t\t\t\t\t\t\t\t\t<span class=\"project-category\">Medical<\/span>    \n\n\t\t\t\t\t\t\t\t\t\t<h4 class=\"wt-title\"><a href=\"https:\/\/oksimedmedical.com\/en\/product\/cervical-collar\/\">Cervical Collar<\/a><\/h4>\n\n\t\t\t\t\t\t\t\t\t<\/div>\n\n\t\t\t\t\t\t\t\t<\/div>                          \n\n\t\t\t\t\t\t\t<\/div>\n\n\t\t\t\t\t\t \n\n\t\t\t\t\t<\/div>\n\n\t\t\t\t\t<!-- PROJECT CONTENT END --> \n\n\t\t\t\t<\/div>\n\n\t\t\t<\/div>   \n\n\t\t\n\n\n\t\t\t\t<\/div>\n\t\t\t\t<\/div>\n\t\t\t\t\t<\/div>\n\t\t<\/div>\n\t\t\t\t\t\t\t<\/div>\n\t\t<\/section>\n\t\t\t\t\t\t\t<\/div>\n\t\t","protected":false},"excerpt":{"rendered":"<p>Products Home Products Medikal Oksijen Maskesi Medikal Neb\u00fclizat\u00f6r Set Medikal Neb\u00fclizer Set A\u011f\u0131zl\u0131kl\u0131 Medikal Nazal Oksijen Kan\u00fcl\u00fc Medikal \u0130drar Torbas\u0131 (Musluklu) Medikal \u0130drar Torbas\u0131 (Musluksuz) Medikal Boyunluk<\/p>\n","protected":false},"author":1,"featured_media":0,"parent":0,"menu_order":0,"comment_status":"closed","ping_status":"closed","template":"page-templates\/home-2-template.php","meta":{"footnotes":""},"class_list":["post-103","page","type-page","status-publish","hentry"],"_links":{"self":[{"href":"https:\/\/oksimedmedical.com\/en\/wp-json\/wp\/v2\/pages\/103","targetHints":{"allow":["GET"]}}],"collection":[{"href":"https:\/\/oksimedmedical.com\/en\/wp-json\/wp\/v2\/pages"}],"about":[{"href":"https:\/\/oksimedmedical.com\/en\/wp-json\/wp\/v2\/types\/page"}],"author":[{"embeddable":true,"href":"https:\/\/oksimedmedical.com\/en\/wp-json\/wp\/v2\/users\/1"}],"replies":[{"embeddable":true,"href":"https:\/\/oksimedmedical.com\/en\/wp-json\/wp\/v2\/comments?post=103"}],"version-history":[{"count":14,"href":"https:\/\/oksimedmedical.com\/en\/wp-json\/wp\/v2\/pages\/103\/revisions"}],"predecessor-version":[{"id":1432,"href":"https:\/\/oksimedmedical.com\/en\/wp-json\/wp\/v2\/pages\/103\/revisions\/1432"}],"wp:attachment":[{"href":"https:\/\/oksimedmedical.com\/en\/wp-json\/wp\/v2\/media?parent=103"}],"curies":[{"name":"wp","href":"https:\/\/api.w.org\/{rel}","templated":true}]}}