{"id":667,"date":"2023-03-21T12:29:22","date_gmt":"2023-03-21T12:29:22","guid":{"rendered":"https:\/\/deneme.abynk.com\/?page_id=667"},"modified":"2023-05-04T14:58:50","modified_gmt":"2023-05-04T11:58:50","slug":"quality-policy","status":"publish","type":"page","link":"https:\/\/oksimedmedical.com\/fr\/quality-policy\/","title":{"rendered":"Quality Policy"},"content":{"rendered":"\t\t<div data-elementor-type=\"wp-page\" data-elementor-id=\"667\" class=\"elementor elementor-667\">\n\t\t\t\t\t\t\t\t\t<section class=\"elementor-section elementor-top-section elementor-element elementor-element-f1988d7 elementor-section-full_width elementor-section-height-default elementor-section-height-default\" data-id=\"f1988d7\" data-element_type=\"section\" data-settings=\"{&quot;background_background&quot;:&quot;slideshow&quot;,&quot;background_slideshow_gallery&quot;:[{&quot;id&quot;:248,&quot;url&quot;:&quot;https:\\\/\\\/deneme.abynk.com\\\/wp-content\\\/uploads\\\/2021\\\/04\\\/slide2.jpg&quot;}],&quot;background_slideshow_loop&quot;:&quot;yes&quot;,&quot;background_slideshow_slide_duration&quot;:5000,&quot;background_slideshow_slide_transition&quot;:&quot;fade&quot;,&quot;background_slideshow_transition_duration&quot;:500}\">\n\t\t\t\t\t\t<div class=\"elementor-container elementor-column-gap-default\">\n\t\t\t\t\t<div class=\"elementor-column elementor-col-100 elementor-top-column elementor-element elementor-element-961eb63\" data-id=\"961eb63\" data-element_type=\"column\">\n\t\t\t<div class=\"elementor-widget-wrap elementor-element-populated\">\n\t\t\t\t\t\t\t\t<div class=\"elementor-element elementor-element-97a3505 elementor-align-center elementor-widget elementor-widget-page-header\" data-id=\"97a3505\" data-element_type=\"widget\" data-widget_type=\"page-header.default\">\n\t\t\t\t<div class=\"elementor-widget-container\">\n\t\t\t\n\t\t\t\t<div class=\"wt-bnr-inr overlay-wraper bg-center\" style=\"background-image:url(http:\/\/oksimedmedical.com\/wp-content\/uploads\/2023\/03\/oksimed-slider-kapak-1.jpg);\">\n\t\t\t\t\t<div class=\"overlay-main site-bg-black opacity-06\"><\/div>\n\t\t\t<div class=\"container\">\n\t\t\t\t<div class=\"wt-bnr-inr-entry\">\n\t\t\t\t\t\t\t\t\t\t<div class=\"banner-title-outer\">\n\t\t\t\t\t\t<div class=\"banner-title-name\">\n\t\t\t\t\t\t\t<h2 class=\"wt-title\">Politique de Qualit\u00e9<\/h2>\n\t\t\t\t\t\t<\/div>\n\t\t\t\t\t<\/div>\n\t\t\t\t\t\t\t\t\t\t<!-- BREADCRUMB ROW -->  \n\t\t\t\t\t<div>\n\t\t\t\t\t\t<ul class=\"wt-breadcrumb breadcrumb-style-2\">\n\t\t\t\t\t\t\t\t\t\t\t\t\t\t<li><a href=\"https:\/\/oksimedmedical.com\/fr\/\">Home<\/a><\/li>\n\t\t\t\t\t\t\t\t\t\t\t\t\t\t\t\t\t\t\t\t\t<li>Politique de Qualit\u00e9<\/li>\n\t\t\t\t\t\t\t\t\t\t\t\t\t<\/ul>\n\t\t\t\t\t<\/div>\n\t\t\t\t\t<!-- BREADCRUMB ROW END -->\n\t\t\t\t<\/div>\n\t\t\t<\/div>\n\t\t<\/div>\n\n\t\t\t<\/div>\n\t\t\t\t<\/div>\n\t\t\t\t\t<\/div>\n\t\t<\/div>\n\t\t\t\t\t\t\t<\/div>\n\t\t<\/section>\n\t\t\t\t<section class=\"elementor-section elementor-top-section elementor-element elementor-element-5a4a3fd elementor-section-boxed elementor-section-height-default elementor-section-height-default\" data-id=\"5a4a3fd\" data-element_type=\"section\">\n\t\t\t\t\t\t<div class=\"elementor-container elementor-column-gap-default\">\n\t\t\t\t\t<div class=\"elementor-column elementor-col-100 elementor-top-column elementor-element elementor-element-dad17cc\" data-id=\"dad17cc\" data-element_type=\"column\">\n\t\t\t<div class=\"elementor-widget-wrap elementor-element-populated\">\n\t\t\t\t\t\t\t\t<div class=\"elementor-element elementor-element-130073f elementor-widget elementor-widget-spacer\" data-id=\"130073f\" data-element_type=\"widget\" data-widget_type=\"spacer.default\">\n\t\t\t\t<div class=\"elementor-widget-container\">\n\t\t\t<style>\/*! elementor - v3.17.0 - 08-11-2023 *\/\n.elementor-column .elementor-spacer-inner{height:var(--spacer-size)}.e-con{--container-widget-width:100%}.e-con-inner>.elementor-widget-spacer,.e-con>.elementor-widget-spacer{width:var(--container-widget-width,var(--spacer-size));--align-self:var(--container-widget-align-self,initial);--flex-shrink:0}.e-con-inner>.elementor-widget-spacer>.elementor-widget-container,.e-con>.elementor-widget-spacer>.elementor-widget-container{height:100%;width:100%}.e-con-inner>.elementor-widget-spacer>.elementor-widget-container>.elementor-spacer,.e-con>.elementor-widget-spacer>.elementor-widget-container>.elementor-spacer{height:100%}.e-con-inner>.elementor-widget-spacer>.elementor-widget-container>.elementor-spacer>.elementor-spacer-inner,.e-con>.elementor-widget-spacer>.elementor-widget-container>.elementor-spacer>.elementor-spacer-inner{height:var(--container-widget-height,var(--spacer-size))}.e-con-inner>.elementor-widget-spacer.elementor-widget-empty,.e-con>.elementor-widget-spacer.elementor-widget-empty{position:relative;min-height:22px;min-width:22px}.e-con-inner>.elementor-widget-spacer.elementor-widget-empty .elementor-widget-empty-icon,.e-con>.elementor-widget-spacer.elementor-widget-empty .elementor-widget-empty-icon{position:absolute;top:0;bottom:0;left:0;right:0;margin:auto;padding:0;width:22px;height:22px}<\/style>\t\t<div class=\"elementor-spacer\">\n\t\t\t<div class=\"elementor-spacer-inner\"><\/div>\n\t\t<\/div>\n\t\t\t\t<\/div>\n\t\t\t\t<\/div>\n\t\t\t\t<div class=\"elementor-element elementor-element-003be29 elementor-widget elementor-widget-spacer\" data-id=\"003be29\" data-element_type=\"widget\" data-widget_type=\"spacer.default\">\n\t\t\t\t<div class=\"elementor-widget-container\">\n\t\t\t\t\t<div class=\"elementor-spacer\">\n\t\t\t<div class=\"elementor-spacer-inner\"><\/div>\n\t\t<\/div>\n\t\t\t\t<\/div>\n\t\t\t\t<\/div>\n\t\t\t\t<div class=\"elementor-element elementor-element-8405ea8 elementor-widget elementor-widget-text-editor\" data-id=\"8405ea8\" data-element_type=\"widget\" data-widget_type=\"text-editor.default\">\n\t\t\t\t<div class=\"elementor-widget-container\">\n\t\t\t<style>\/*! elementor - v3.17.0 - 08-11-2023 *\/\n.elementor-widget-text-editor.elementor-drop-cap-view-stacked .elementor-drop-cap{background-color:#69727d;color:#fff}.elementor-widget-text-editor.elementor-drop-cap-view-framed .elementor-drop-cap{color:#69727d;border:3px solid;background-color:transparent}.elementor-widget-text-editor:not(.elementor-drop-cap-view-default) .elementor-drop-cap{margin-top:8px}.elementor-widget-text-editor:not(.elementor-drop-cap-view-default) .elementor-drop-cap-letter{width:1em;height:1em}.elementor-widget-text-editor .elementor-drop-cap{float:left;text-align:center;line-height:1;font-size:50px}.elementor-widget-text-editor .elementor-drop-cap-letter{display:inline-block}<\/style>\t\t\t\t<h4 style=\"text-align: left; border-bottom: 4px solid #1a2e6e; padding-bottom: 5px; margin-bottom: 10px;\">POLITIQUE DU SYST\u00c8ME INT\u00c9GR\u00c9 DE NOTRE ORGANISATION<\/h4><p><span style=\"color: #000000;\">En tant qu&#8217;Oksimed M\u00e9dical, notre objectif est d&#8217;am\u00e9liorer continuellement notre syst\u00e8me afin d&#8217;assurer et de maintenir la satisfaction de nos clients en utilisant des technologies de pointe et en d\u00e9veloppement dans notre secteur. Avec ces am\u00e9liorations, assurer la participation de nos employ\u00e9s et des repr\u00e9sentants des employ\u00e9s ; Notre politique g\u00e9n\u00e9rale est de fournir les conditions suivantes dans toutes nos activit\u00e9s avec notre sensibilit\u00e9 \u00e0 la soci\u00e9t\u00e9, \u00e0 l&#8217;environnement, \u00e0 la qualit\u00e9, \u00e0 nos clients et employ\u00e9s et notre engagement \u00e0 \u00eatre ouvert au public;<\/span><\/p><p><span style=\"color: #000000;\"><strong>1.<\/strong> Adh\u00e9rer aux conditions l\u00e9gales et l\u00e9gislatives, si possible, fournir toutes les lois pertinentes et autres exigences,<\/span><\/p><p><span style=\"color: #000000;\"><strong>2.<\/strong> R\u00e9pondre aux attentes des clients en fournissant des produits et des services de qualit\u00e9 dans les d\u00e9lais,<\/span><\/p><p><span style=\"color: #000000;\"><strong>3.<\/strong> Utiliser les mat\u00e9riaux et la technologie les plus compatibles avec l&#8217;environnement et l&#8217;employ\u00e9 en fonction des objectifs de production,<\/span><\/p><p><span style=\"color: #000000;\"><strong>4.<\/strong> Utiliser nos ressources de mani\u00e8re \u00e0 cr\u00e9er un minimum de d\u00e9chets,<\/span><\/p><p><span style=\"color: #000000;\"><strong>5.<\/strong> Pour \u00e9viter la perte de richesse nationale et la consommation inconsciente des ressources,<\/span><\/p><p><span style=\"color: #000000;\"><strong>6.<\/strong> \u00catre l&#8217;organisation leader dans la pr\u00e9vention de la pollution de l&#8217;environnement,<\/span><\/p><p><span style=\"color: #000000;\"><strong>7.<\/strong> Offrir des conditions de travail et de travail s\u00fbres \u00e0 nos employ\u00e9s, visiteurs, fournisseurs et sous-traitants,<\/span><\/p><p><span style=\"color: #000000;\"><strong>8.<\/strong> Veiller \u00e0 ce que les travaux se d\u00e9roulent de mani\u00e8re s\u00fbre et s\u00e9curis\u00e9e du point de vue de la sant\u00e9 des salari\u00e9s,<\/span><\/p><p><span style=\"color: #000000;\"><strong>9.<\/strong> Bas\u00e9 sur la conviction que les accidents du travail et les maladies professionnelles sont \u00e9vitables; Orienter notre travail avec notre personnel de soutien dans le but de cr\u00e9er la sensibilisation et la culture n\u00e9cessaires sur les questions de sant\u00e9 et de s\u00e9curit\u00e9 au travail en organisant un programme de formation continue pour nos employ\u00e9s,<\/span><\/p><p><span style=\"color: #000000;\"><strong>10.<\/strong> Veiller \u00e0 ce que nos employ\u00e9s adoptent une compr\u00e9hension de la qualit\u00e9 et participent activement au syst\u00e8me de gestion int\u00e9gr\u00e9.<\/span><\/p>\t\t\t\t\t\t<\/div>\n\t\t\t\t<\/div>\n\t\t\t\t<div class=\"elementor-element elementor-element-3b56292 elementor-widget elementor-widget-spacer\" data-id=\"3b56292\" data-element_type=\"widget\" data-widget_type=\"spacer.default\">\n\t\t\t\t<div class=\"elementor-widget-container\">\n\t\t\t\t\t<div class=\"elementor-spacer\">\n\t\t\t<div class=\"elementor-spacer-inner\"><\/div>\n\t\t<\/div>\n\t\t\t\t<\/div>\n\t\t\t\t<\/div>\n\t\t\t\t\t<\/div>\n\t\t<\/div>\n\t\t\t\t\t\t\t<\/div>\n\t\t<\/section>\n\t\t\t\t\t\t\t<\/div>\n\t\t","protected":false},"excerpt":{"rendered":"<p>Politique de Qualit\u00e9 Home Politique de Qualit\u00e9 POLITIQUE DU SYST\u00c8ME INT\u00c9GR\u00c9 DE NOTRE ORGANISATION En tant qu&#8217;Oksimed M\u00e9dical, notre objectif est d&#8217;am\u00e9liorer continuellement notre syst\u00e8me afin d&#8217;assurer et de maintenir la satisfaction de nos clients en utilisant des technologies de pointe et en d\u00e9veloppement dans notre secteur. Avec ces am\u00e9liorations, assurer la participation de nos [&hellip;]<\/p>\n","protected":false},"author":1,"featured_media":0,"parent":0,"menu_order":0,"comment_status":"closed","ping_status":"closed","template":"page-templates\/home-2-template.php","meta":{"footnotes":""},"class_list":["post-667","page","type-page","status-publish","hentry"],"_links":{"self":[{"href":"https:\/\/oksimedmedical.com\/fr\/wp-json\/wp\/v2\/pages\/667","targetHints":{"allow":["GET"]}}],"collection":[{"href":"https:\/\/oksimedmedical.com\/fr\/wp-json\/wp\/v2\/pages"}],"about":[{"href":"https:\/\/oksimedmedical.com\/fr\/wp-json\/wp\/v2\/types\/page"}],"author":[{"embeddable":true,"href":"https:\/\/oksimedmedical.com\/fr\/wp-json\/wp\/v2\/users\/1"}],"replies":[{"embeddable":true,"href":"https:\/\/oksimedmedical.com\/fr\/wp-json\/wp\/v2\/comments?post=667"}],"version-history":[{"count":3,"href":"https:\/\/oksimedmedical.com\/fr\/wp-json\/wp\/v2\/pages\/667\/revisions"}],"predecessor-version":[{"id":1560,"href":"https:\/\/oksimedmedical.com\/fr\/wp-json\/wp\/v2\/pages\/667\/revisions\/1560"}],"wp:attachment":[{"href":"https:\/\/oksimedmedical.com\/fr\/wp-json\/wp\/v2\/media?parent=667"}],"curies":[{"name":"wp","href":"https:\/\/api.w.org\/{rel}","templated":true}]}}