{"id":840,"date":"2023-03-23T09:08:44","date_gmt":"2023-03-23T09:08:44","guid":{"rendered":"https:\/\/deneme.abynk.com\/?page_id=840"},"modified":"2023-05-04T15:05:09","modified_gmt":"2023-05-04T12:05:09","slug":"references","status":"publish","type":"page","link":"https:\/\/oksimedmedical.com\/fr\/references\/","title":{"rendered":"References"},"content":{"rendered":"\t\t<div data-elementor-type=\"wp-page\" data-elementor-id=\"840\" class=\"elementor elementor-840\">\n\t\t\t\t\t\t\t\t\t<section class=\"elementor-section elementor-top-section elementor-element elementor-element-51abfaf elementor-section-full_width elementor-section-height-default elementor-section-height-default\" data-id=\"51abfaf\" data-element_type=\"section\" data-settings=\"{&quot;background_background&quot;:&quot;slideshow&quot;,&quot;background_slideshow_gallery&quot;:[{&quot;id&quot;:624,&quot;url&quot;:&quot;https:\\\/\\\/deneme.abynk.com\\\/wp-content\\\/uploads\\\/2023\\\/03\\\/oksimed-slider-kapak.jpg&quot;}],&quot;background_slideshow_slide_duration&quot;:0,&quot;background_slideshow_transition_duration&quot;:0,&quot;background_slideshow_slide_transition&quot;:&quot;fade&quot;}\">\n\t\t\t\t\t\t<div class=\"elementor-container elementor-column-gap-default\">\n\t\t\t\t\t<div class=\"elementor-column elementor-col-100 elementor-top-column elementor-element elementor-element-d1c9da7\" data-id=\"d1c9da7\" data-element_type=\"column\">\n\t\t\t<div class=\"elementor-widget-wrap elementor-element-populated\">\n\t\t\t\t\t\t\t\t<div class=\"elementor-element elementor-element-a942d64 elementor-align-center elementor-widget elementor-widget-page-header\" data-id=\"a942d64\" data-element_type=\"widget\" data-widget_type=\"page-header.default\">\n\t\t\t\t<div class=\"elementor-widget-container\">\n\t\t\t\n\t\t\t\t<div class=\"wt-bnr-inr overlay-wraper bg-center\" style=\"background-image:url(http:\/\/oksimedmedical.com\/wp-content\/uploads\/2023\/03\/oksimed-slider-kapak-1.jpg);\">\n\t\t\t\t\t<div class=\"overlay-main site-bg-black opacity-06\"><\/div>\n\t\t\t<div class=\"container\">\n\t\t\t\t<div class=\"wt-bnr-inr-entry\">\n\t\t\t\t\t\t\t\t\t\t<div class=\"banner-title-outer\">\n\t\t\t\t\t\t<div class=\"banner-title-name\">\n\t\t\t\t\t\t\t<h2 class=\"wt-title\">Les R\u00e9f\u00e9rences<\/h2>\n\t\t\t\t\t\t<\/div>\n\t\t\t\t\t<\/div>\n\t\t\t\t\t\t\t\t\t\t<!-- BREADCRUMB ROW -->  \n\t\t\t\t\t<div>\n\t\t\t\t\t\t<ul class=\"wt-breadcrumb breadcrumb-style-2\">\n\t\t\t\t\t\t\t\t\t\t\t\t\t\t<li><a href=\"https:\/\/oksimedmedical.com\/fr\/\">Home<\/a><\/li>\n\t\t\t\t\t\t\t\t\t\t\t\t\t\t\t\t\t\t\t\t\t<li>Les R\u00e9f\u00e9rences<\/li>\n\t\t\t\t\t\t\t\t\t\t\t\t\t<\/ul>\n\t\t\t\t\t<\/div>\n\t\t\t\t\t<!-- BREADCRUMB ROW END -->\n\t\t\t\t<\/div>\n\t\t\t<\/div>\n\t\t<\/div>\n\n\t\t\t<\/div>\n\t\t\t\t<\/div>\n\t\t\t\t\t<\/div>\n\t\t<\/div>\n\t\t\t\t\t\t\t<\/div>\n\t\t<\/section>\n\t\t\t\t<section class=\"elementor-section elementor-top-section elementor-element elementor-element-34f6628 elementor-section-boxed elementor-section-height-default elementor-section-height-default\" data-id=\"34f6628\" data-element_type=\"section\">\n\t\t\t\t\t\t<div class=\"elementor-container elementor-column-gap-default\">\n\t\t\t\t\t<div class=\"elementor-column elementor-col-33 elementor-top-column elementor-element elementor-element-c6c9404\" data-id=\"c6c9404\" data-element_type=\"column\">\n\t\t\t<div class=\"elementor-widget-wrap elementor-element-populated\">\n\t\t\t\t\t\t\t\t<div class=\"elementor-element elementor-element-ae224e2 elementor-widget elementor-widget-image\" data-id=\"ae224e2\" data-element_type=\"widget\" data-widget_type=\"image.default\">\n\t\t\t\t<div class=\"elementor-widget-container\">\n\t\t\t<style>\/*! elementor - v3.17.0 - 08-11-2023 *\/\n.elementor-widget-image{text-align:center}.elementor-widget-image a{display:inline-block}.elementor-widget-image a img[src$=\".svg\"]{width:48px}.elementor-widget-image img{vertical-align:middle;display:inline-block}<\/style>\t\t\t\t\t\t\t\t\t\t\t\t<img loading=\"lazy\" decoding=\"async\" width=\"400\" height=\"200\" src=\"https:\/\/oksimedmedical.com\/fr\/wp-content\/uploads\/2023\/03\/saglik-bakanligi.png\" class=\"attachment-medium_large size-medium_large wp-image-1098\" alt=\"\" srcset=\"https:\/\/oksimedmedical.com\/fr\/wp-content\/uploads\/2023\/03\/saglik-bakanligi.png 400w, https:\/\/oksimedmedical.com\/fr\/wp-content\/uploads\/2023\/03\/saglik-bakanligi-300x150.png 300w, https:\/\/oksimedmedical.com\/fr\/wp-content\/uploads\/2023\/03\/saglik-bakanligi-24x12.png 24w, https:\/\/oksimedmedical.com\/fr\/wp-content\/uploads\/2023\/03\/saglik-bakanligi-36x18.png 36w, https:\/\/oksimedmedical.com\/fr\/wp-content\/uploads\/2023\/03\/saglik-bakanligi-48x24.png 48w\" sizes=\"auto, (max-width: 400px) 100vw, 400px\" \/>\t\t\t\t\t\t\t\t\t\t\t\t\t\t\t<\/div>\n\t\t\t\t<\/div>\n\t\t\t\t\t<\/div>\n\t\t<\/div>\n\t\t\t\t<div class=\"elementor-column elementor-col-33 elementor-top-column elementor-element elementor-element-e05e00c\" data-id=\"e05e00c\" data-element_type=\"column\">\n\t\t\t<div class=\"elementor-widget-wrap elementor-element-populated\">\n\t\t\t\t\t\t\t\t<div class=\"elementor-element elementor-element-6511b61 elementor-widget elementor-widget-image\" data-id=\"6511b61\" data-element_type=\"widget\" data-widget_type=\"image.default\">\n\t\t\t\t<div class=\"elementor-widget-container\">\n\t\t\t\t\t\t\t\t\t\t\t\t\t\t\t<img loading=\"lazy\" decoding=\"async\" width=\"400\" height=\"200\" src=\"https:\/\/oksimedmedical.com\/fr\/wp-content\/uploads\/2023\/03\/devlet-malzeme-ofisi.png\" class=\"attachment-medium_large size-medium_large wp-image-1099\" alt=\"\" srcset=\"https:\/\/oksimedmedical.com\/fr\/wp-content\/uploads\/2023\/03\/devlet-malzeme-ofisi.png 400w, https:\/\/oksimedmedical.com\/fr\/wp-content\/uploads\/2023\/03\/devlet-malzeme-ofisi-300x150.png 300w, https:\/\/oksimedmedical.com\/fr\/wp-content\/uploads\/2023\/03\/devlet-malzeme-ofisi-24x12.png 24w, https:\/\/oksimedmedical.com\/fr\/wp-content\/uploads\/2023\/03\/devlet-malzeme-ofisi-36x18.png 36w, https:\/\/oksimedmedical.com\/fr\/wp-content\/uploads\/2023\/03\/devlet-malzeme-ofisi-48x24.png 48w\" sizes=\"auto, (max-width: 400px) 100vw, 400px\" \/>\t\t\t\t\t\t\t\t\t\t\t\t\t\t\t<\/div>\n\t\t\t\t<\/div>\n\t\t\t\t\t<\/div>\n\t\t<\/div>\n\t\t\t\t<div class=\"elementor-column elementor-col-33 elementor-top-column elementor-element elementor-element-d42b6cd\" data-id=\"d42b6cd\" data-element_type=\"column\">\n\t\t\t<div class=\"elementor-widget-wrap elementor-element-populated\">\n\t\t\t\t\t\t\t\t<div class=\"elementor-element elementor-element-09e16c7 elementor-widget elementor-widget-image\" data-id=\"09e16c7\" data-element_type=\"widget\" data-widget_type=\"image.default\">\n\t\t\t\t<div class=\"elementor-widget-container\">\n\t\t\t\t\t\t\t\t\t\t\t\t\t\t\t<img loading=\"lazy\" decoding=\"async\" width=\"400\" height=\"200\" src=\"https:\/\/oksimedmedical.com\/fr\/wp-content\/uploads\/2023\/03\/turk-kizilayi.png\" class=\"attachment-large size-large wp-image-1100\" alt=\"\" srcset=\"https:\/\/oksimedmedical.com\/fr\/wp-content\/uploads\/2023\/03\/turk-kizilayi.png 400w, https:\/\/oksimedmedical.com\/fr\/wp-content\/uploads\/2023\/03\/turk-kizilayi-300x150.png 300w, https:\/\/oksimedmedical.com\/fr\/wp-content\/uploads\/2023\/03\/turk-kizilayi-24x12.png 24w, https:\/\/oksimedmedical.com\/fr\/wp-content\/uploads\/2023\/03\/turk-kizilayi-36x18.png 36w, https:\/\/oksimedmedical.com\/fr\/wp-content\/uploads\/2023\/03\/turk-kizilayi-48x24.png 48w\" sizes=\"auto, (max-width: 400px) 100vw, 400px\" \/>\t\t\t\t\t\t\t\t\t\t\t\t\t\t\t<\/div>\n\t\t\t\t<\/div>\n\t\t\t\t\t<\/div>\n\t\t<\/div>\n\t\t\t\t\t\t\t<\/div>\n\t\t<\/section>\n\t\t\t\t<section class=\"elementor-section elementor-top-section elementor-element elementor-element-0b9bd1e elementor-section-boxed elementor-section-height-default elementor-section-height-default\" data-id=\"0b9bd1e\" data-element_type=\"section\">\n\t\t\t\t\t\t<div class=\"elementor-container elementor-column-gap-default\">\n\t\t\t\t\t<div class=\"elementor-column elementor-col-33 elementor-top-column elementor-element elementor-element-fc302db\" data-id=\"fc302db\" data-element_type=\"column\">\n\t\t\t<div class=\"elementor-widget-wrap elementor-element-populated\">\n\t\t\t\t\t\t\t\t<div class=\"elementor-element elementor-element-c8f5c04 elementor-widget elementor-widget-image\" data-id=\"c8f5c04\" data-element_type=\"widget\" data-widget_type=\"image.default\">\n\t\t\t\t<div class=\"elementor-widget-container\">\n\t\t\t\t\t\t\t\t\t\t\t\t\t\t\t<img loading=\"lazy\" decoding=\"async\" width=\"400\" height=\"200\" src=\"https:\/\/oksimedmedical.com\/fr\/wp-content\/uploads\/2023\/03\/memorial-2.png\" class=\"attachment-medium_large size-medium_large wp-image-1101\" alt=\"\" srcset=\"https:\/\/oksimedmedical.com\/fr\/wp-content\/uploads\/2023\/03\/memorial-2.png 400w, https:\/\/oksimedmedical.com\/fr\/wp-content\/uploads\/2023\/03\/memorial-2-300x150.png 300w, https:\/\/oksimedmedical.com\/fr\/wp-content\/uploads\/2023\/03\/memorial-2-24x12.png 24w, https:\/\/oksimedmedical.com\/fr\/wp-content\/uploads\/2023\/03\/memorial-2-36x18.png 36w, https:\/\/oksimedmedical.com\/fr\/wp-content\/uploads\/2023\/03\/memorial-2-48x24.png 48w\" sizes=\"auto, (max-width: 400px) 100vw, 400px\" \/>\t\t\t\t\t\t\t\t\t\t\t\t\t\t\t<\/div>\n\t\t\t\t<\/div>\n\t\t\t\t\t<\/div>\n\t\t<\/div>\n\t\t\t\t<div class=\"elementor-column elementor-col-33 elementor-top-column elementor-element elementor-element-1becd02\" data-id=\"1becd02\" data-element_type=\"column\">\n\t\t\t<div class=\"elementor-widget-wrap elementor-element-populated\">\n\t\t\t\t\t\t\t\t<div class=\"elementor-element elementor-element-0f467cd elementor-widget elementor-widget-image\" data-id=\"0f467cd\" data-element_type=\"widget\" data-widget_type=\"image.default\">\n\t\t\t\t<div class=\"elementor-widget-container\">\n\t\t\t\t\t\t\t\t\t\t\t\t\t\t\t<img loading=\"lazy\" decoding=\"async\" width=\"400\" height=\"200\" src=\"https:\/\/oksimedmedical.com\/fr\/wp-content\/uploads\/2023\/03\/medicalpark.png\" class=\"attachment-medium_large size-medium_large wp-image-1102\" alt=\"\" srcset=\"https:\/\/oksimedmedical.com\/fr\/wp-content\/uploads\/2023\/03\/medicalpark.png 400w, https:\/\/oksimedmedical.com\/fr\/wp-content\/uploads\/2023\/03\/medicalpark-300x150.png 300w, https:\/\/oksimedmedical.com\/fr\/wp-content\/uploads\/2023\/03\/medicalpark-24x12.png 24w, https:\/\/oksimedmedical.com\/fr\/wp-content\/uploads\/2023\/03\/medicalpark-36x18.png 36w, https:\/\/oksimedmedical.com\/fr\/wp-content\/uploads\/2023\/03\/medicalpark-48x24.png 48w\" sizes=\"auto, (max-width: 400px) 100vw, 400px\" \/>\t\t\t\t\t\t\t\t\t\t\t\t\t\t\t<\/div>\n\t\t\t\t<\/div>\n\t\t\t\t\t<\/div>\n\t\t<\/div>\n\t\t\t\t<div class=\"elementor-column elementor-col-33 elementor-top-column elementor-element elementor-element-b348036\" data-id=\"b348036\" data-element_type=\"column\">\n\t\t\t<div class=\"elementor-widget-wrap elementor-element-populated\">\n\t\t\t\t\t\t\t\t<div class=\"elementor-element elementor-element-db8b255 elementor-widget elementor-widget-image\" data-id=\"db8b255\" data-element_type=\"widget\" data-widget_type=\"image.default\">\n\t\t\t\t<div class=\"elementor-widget-container\">\n\t\t\t\t\t\t\t\t\t\t\t\t\t\t\t<img loading=\"lazy\" decoding=\"async\" width=\"400\" height=\"200\" src=\"https:\/\/oksimedmedical.com\/fr\/wp-content\/uploads\/2023\/03\/Artboard-1.png\" class=\"attachment-medium_large size-medium_large wp-image-1103\" alt=\"\" srcset=\"https:\/\/oksimedmedical.com\/fr\/wp-content\/uploads\/2023\/03\/Artboard-1.png 400w, https:\/\/oksimedmedical.com\/fr\/wp-content\/uploads\/2023\/03\/Artboard-1-300x150.png 300w, https:\/\/oksimedmedical.com\/fr\/wp-content\/uploads\/2023\/03\/Artboard-1-24x12.png 24w, https:\/\/oksimedmedical.com\/fr\/wp-content\/uploads\/2023\/03\/Artboard-1-36x18.png 36w, https:\/\/oksimedmedical.com\/fr\/wp-content\/uploads\/2023\/03\/Artboard-1-48x24.png 48w\" sizes=\"auto, (max-width: 400px) 100vw, 400px\" \/>\t\t\t\t\t\t\t\t\t\t\t\t\t\t\t<\/div>\n\t\t\t\t<\/div>\n\t\t\t\t\t<\/div>\n\t\t<\/div>\n\t\t\t\t\t\t\t<\/div>\n\t\t<\/section>\n\t\t\t\t<section class=\"elementor-section elementor-top-section elementor-element elementor-element-d9b4317 elementor-section-boxed elementor-section-height-default elementor-section-height-default\" data-id=\"d9b4317\" data-element_type=\"section\">\n\t\t\t\t\t\t<div class=\"elementor-container elementor-column-gap-default\">\n\t\t\t\t\t<div class=\"elementor-column elementor-col-33 elementor-top-column elementor-element elementor-element-5ad9c48\" data-id=\"5ad9c48\" data-element_type=\"column\">\n\t\t\t<div class=\"elementor-widget-wrap elementor-element-populated\">\n\t\t\t\t\t\t\t\t<div class=\"elementor-element elementor-element-14122e6 elementor-widget elementor-widget-image\" data-id=\"14122e6\" data-element_type=\"widget\" data-widget_type=\"image.default\">\n\t\t\t\t<div class=\"elementor-widget-container\">\n\t\t\t\t\t\t\t\t\t\t\t\t\t\t\t<img loading=\"lazy\" decoding=\"async\" width=\"400\" height=\"200\" src=\"https:\/\/oksimedmedical.com\/fr\/wp-content\/uploads\/2023\/03\/system-hospital.png\" class=\"attachment-medium_large size-medium_large wp-image-1105\" alt=\"\" srcset=\"https:\/\/oksimedmedical.com\/fr\/wp-content\/uploads\/2023\/03\/system-hospital.png 400w, https:\/\/oksimedmedical.com\/fr\/wp-content\/uploads\/2023\/03\/system-hospital-300x150.png 300w, https:\/\/oksimedmedical.com\/fr\/wp-content\/uploads\/2023\/03\/system-hospital-24x12.png 24w, https:\/\/oksimedmedical.com\/fr\/wp-content\/uploads\/2023\/03\/system-hospital-36x18.png 36w, https:\/\/oksimedmedical.com\/fr\/wp-content\/uploads\/2023\/03\/system-hospital-48x24.png 48w\" sizes=\"auto, (max-width: 400px) 100vw, 400px\" \/>\t\t\t\t\t\t\t\t\t\t\t\t\t\t\t<\/div>\n\t\t\t\t<\/div>\n\t\t\t\t\t<\/div>\n\t\t<\/div>\n\t\t\t\t<div class=\"elementor-column elementor-col-33 elementor-top-column elementor-element elementor-element-0efcf82\" data-id=\"0efcf82\" data-element_type=\"column\">\n\t\t\t<div class=\"elementor-widget-wrap elementor-element-populated\">\n\t\t\t\t\t\t\t\t<div class=\"elementor-element elementor-element-703f333 elementor-widget elementor-widget-image\" data-id=\"703f333\" data-element_type=\"widget\" data-widget_type=\"image.default\">\n\t\t\t\t<div class=\"elementor-widget-container\">\n\t\t\t\t\t\t\t\t\t\t\t\t\t\t\t<img loading=\"lazy\" decoding=\"async\" width=\"400\" height=\"200\" src=\"https:\/\/oksimedmedical.com\/fr\/wp-content\/uploads\/2023\/03\/melikgazi.png\" class=\"attachment-medium_large size-medium_large wp-image-1104\" alt=\"\" srcset=\"https:\/\/oksimedmedical.com\/fr\/wp-content\/uploads\/2023\/03\/melikgazi.png 400w, https:\/\/oksimedmedical.com\/fr\/wp-content\/uploads\/2023\/03\/melikgazi-300x150.png 300w, https:\/\/oksimedmedical.com\/fr\/wp-content\/uploads\/2023\/03\/melikgazi-24x12.png 24w, https:\/\/oksimedmedical.com\/fr\/wp-content\/uploads\/2023\/03\/melikgazi-36x18.png 36w, https:\/\/oksimedmedical.com\/fr\/wp-content\/uploads\/2023\/03\/melikgazi-48x24.png 48w\" sizes=\"auto, (max-width: 400px) 100vw, 400px\" \/>\t\t\t\t\t\t\t\t\t\t\t\t\t\t\t<\/div>\n\t\t\t\t<\/div>\n\t\t\t\t\t<\/div>\n\t\t<\/div>\n\t\t\t\t<div class=\"elementor-column elementor-col-33 elementor-top-column elementor-element elementor-element-3eddc89\" data-id=\"3eddc89\" data-element_type=\"column\">\n\t\t\t<div class=\"elementor-widget-wrap elementor-element-populated\">\n\t\t\t\t\t\t\t\t<div class=\"elementor-element elementor-element-11e305e elementor-widget elementor-widget-image\" data-id=\"11e305e\" data-element_type=\"widget\" data-widget_type=\"image.default\">\n\t\t\t\t<div class=\"elementor-widget-container\">\n\t\t\t\t\t\t\t\t\t\t\t\t\t\t\t<img loading=\"lazy\" decoding=\"async\" width=\"400\" height=\"200\" src=\"https:\/\/oksimedmedical.com\/fr\/wp-content\/uploads\/2023\/03\/tekden-2.png\" class=\"attachment-medium_large size-medium_large wp-image-1106\" alt=\"\" srcset=\"https:\/\/oksimedmedical.com\/fr\/wp-content\/uploads\/2023\/03\/tekden-2.png 400w, https:\/\/oksimedmedical.com\/fr\/wp-content\/uploads\/2023\/03\/tekden-2-300x150.png 300w, https:\/\/oksimedmedical.com\/fr\/wp-content\/uploads\/2023\/03\/tekden-2-24x12.png 24w, https:\/\/oksimedmedical.com\/fr\/wp-content\/uploads\/2023\/03\/tekden-2-36x18.png 36w, https:\/\/oksimedmedical.com\/fr\/wp-content\/uploads\/2023\/03\/tekden-2-48x24.png 48w\" sizes=\"auto, (max-width: 400px) 100vw, 400px\" \/>\t\t\t\t\t\t\t\t\t\t\t\t\t\t\t<\/div>\n\t\t\t\t<\/div>\n\t\t\t\t\t<\/div>\n\t\t<\/div>\n\t\t\t\t\t\t\t<\/div>\n\t\t<\/section>\n\t\t\t\t\t\t\t<\/div>\n\t\t","protected":false},"excerpt":{"rendered":"<p>Les R\u00e9f\u00e9rences Home Les R\u00e9f\u00e9rences<\/p>\n","protected":false},"author":1,"featured_media":0,"parent":0,"menu_order":0,"comment_status":"closed","ping_status":"closed","template":"page-templates\/home-2-template.php","meta":{"footnotes":""},"class_list":["post-840","page","type-page","status-publish","hentry"],"_links":{"self":[{"href":"https:\/\/oksimedmedical.com\/fr\/wp-json\/wp\/v2\/pages\/840","targetHints":{"allow":["GET"]}}],"collection":[{"href":"https:\/\/oksimedmedical.com\/fr\/wp-json\/wp\/v2\/pages"}],"about":[{"href":"https:\/\/oksimedmedical.com\/fr\/wp-json\/wp\/v2\/types\/page"}],"author":[{"embeddable":true,"href":"https:\/\/oksimedmedical.com\/fr\/wp-json\/wp\/v2\/users\/1"}],"replies":[{"embeddable":true,"href":"https:\/\/oksimedmedical.com\/fr\/wp-json\/wp\/v2\/comments?post=840"}],"version-history":[{"count":3,"href":"https:\/\/oksimedmedical.com\/fr\/wp-json\/wp\/v2\/pages\/840\/revisions"}],"predecessor-version":[{"id":1571,"href":"https:\/\/oksimedmedical.com\/fr\/wp-json\/wp\/v2\/pages\/840\/revisions\/1571"}],"wp:attachment":[{"href":"https:\/\/oksimedmedical.com\/fr\/wp-json\/wp\/v2\/media?parent=840"}],"curies":[{"name":"wp","href":"https:\/\/api.w.org\/{rel}","templated":true}]}}